{"id":68,"date":"2016-06-14T05:24:19","date_gmt":"2016-06-14T05:24:19","guid":{"rendered":"http:\/\/sw-themes.com\/porto_dummy\/?page_id=68"},"modified":"2020-04-25T21:32:12","modified_gmt":"2020-04-25T18:32:12","slug":"insan-kaynaklari","status":"publish","type":"page","link":"https:\/\/ozgrubu.com\/index.php\/insan-kaynaklari\/","title":{"rendered":"\u0130nsan Kaynaklar\u0131"},"content":{"rendered":"<p>[vc_row wrap_container=&#8221;yes&#8221; css=&#8221;.vc_custom_1543890012935{padding-top: 50px !important;}&#8221;][vc_column offset=&#8221;vc_col-md-8 vc_col-xs-12&#8243;][vc_custom_heading text=&#8221;\u0130nsan <b>Kaynaklar\u0131<\/b>&#8221; font_container=&#8221;tag:h2|font_size:28px|text_align:left&#8221; use_theme_fonts=&#8221;yes&#8221; css_animation=&#8221;fadeInUp&#8221; el_class=&#8221;mb-3&#8243;][vc_column_text css_animation=&#8221;slideInDown&#8221; el_class=&#8221;lead mb-4&#8243;]Firmam\u0131z, senelerdir s\u00fcren ba\u015far\u0131s\u0131n\u0131 g\u00f6stermi\u015f oldu\u011fu y\u00fcksek insan kayna\u011f\u0131na ve bu s\u00fcre\u00e7lere verdi\u011fi \u00f6neme bor\u00e7ludur.[\/vc_column_text][vc_column_text css_animation=&#8221;fadeInUp&#8221;]En iyi i\u015flerin, do\u011fru insan kayna\u011f\u0131n\u0131 do\u011fru i\u015fle bulu\u015fturmak sonucu \u00e7\u0131kt\u0131\u011f\u0131n\u0131 d\u00fc\u015f\u00fcnen bizler, bu alanda profesyonel bir yakla\u015f\u0131m izlemenin \u00f6nemli oldu\u011fu bilincindeyiz. Kar\u015f\u0131l\u0131kl\u0131 anlay\u0131\u015f d\u00fcsturu ile, do\u011fru bir \u00e7al\u0131\u015fma ortam\u0131n\u0131n yarat\u0131lmas\u0131 amac\u0131 ile g\u00fcnden g\u00fcne kendimizi geli\u015ftirmek i\u00e7in \u00f6zenle \u00e7al\u0131\u015f\u0131yoruz.[\/vc_column_text][\/vc_column][vc_column offset=&#8221;vc_col-md-4&#8243;]<div class=\"porto-testimonial wpb_content_element \" data-appear-animation=\"fadeIn\" data-appear-animation-delay=\"400\"><div class=\"testimonial\"><blockquote><p>Sevece\u011finiz bir i\u015f ortam\u0131 yaratmak i\u00e7in \u00e7al\u0131\u015f\u0131n, e\u011fer sevmezseniz bozun, gerekirse tekrar tasarlay\u0131n&#8230;<\/p><\/blockquote><div class=\"testimonial-arrow-down\"><\/div><div class=\"testimonial-author clearfix\"><p><strong><\/strong><span><\/span><\/p><\/div><\/div><\/div>[\/vc_column][\/vc_row][vc_row wrap_container=&#8221;yes&#8221; is_section=&#8221;yes&#8221; remove_margin_top=&#8221;yes&#8221; remove_margin_bottom=&#8221;yes&#8221; remove_border=&#8221;yes&#8221; css=&#8221;.vc_custom_1543891117429{padding-top: 70px !important;}&#8221;][vc_column width=&#8221;2\/3&#8243;][vc_custom_heading text=&#8221;\u0130\u015f Ba\u015fvuru <strong>Formu<\/strong>&#8221; font_container=&#8221;tag:h4|text_align:left&#8221; use_theme_fonts=&#8221;yes&#8221;]<div role=\"form\" class=\"wpcf7\" id=\"wpcf7-f5-o1\" lang=\"tr-TR\" dir=\"ltr\">\n<div class=\"screen-reader-response\"><\/div>\n<form action=\"\/index.php\/wp-json\/wp\/v2\/pages\/68#wpcf7-f5-o1\" method=\"post\" class=\"wpcf7-form\" novalidate=\"novalidate\">\n<div style=\"display: none;\">\n<input type=\"hidden\" name=\"_wpcf7\" value=\"5\" \/>\n<input type=\"hidden\" name=\"_wpcf7_version\" value=\"5.1.3\" \/>\n<input type=\"hidden\" name=\"_wpcf7_locale\" value=\"tr_TR\" \/>\n<input type=\"hidden\" name=\"_wpcf7_unit_tag\" value=\"wpcf7-f5-o1\" \/>\n<input type=\"hidden\" name=\"_wpcf7_container_post\" value=\"0\" \/>\n<\/div>\n<p><label> Ad\u0131n\u0131z (gerekli)<br \/>\n    <span class=\"wpcf7-form-control-wrap your-name\"><input type=\"text\" name=\"your-name\" value=\"\" size=\"40\" class=\"wpcf7-form-control wpcf7-text wpcf7-validates-as-required\" aria-required=\"true\" aria-invalid=\"false\" \/><\/span> <\/label><\/p>\n<p><label> E-posta adresiniz (gerekli)<br \/>\n    <span class=\"wpcf7-form-control-wrap your-email\"><input type=\"email\" name=\"your-email\" value=\"\" size=\"40\" class=\"wpcf7-form-control wpcf7-text wpcf7-email wpcf7-validates-as-required wpcf7-validates-as-email\" aria-required=\"true\" aria-invalid=\"false\" \/><\/span> <\/label><\/p>\n<p><label> Konu<br \/>\n    <span class=\"wpcf7-form-control-wrap your-subject\"><input type=\"text\" name=\"your-subject\" value=\"\" size=\"40\" class=\"wpcf7-form-control wpcf7-text\" aria-invalid=\"false\" \/><\/span> <\/label><\/p>\n<p><label> \u0130letiniz<br \/>\n    <span class=\"wpcf7-form-control-wrap your-message\"><textarea name=\"your-message\" cols=\"40\" rows=\"10\" class=\"wpcf7-form-control wpcf7-textarea\" aria-invalid=\"false\"><\/textarea><\/span> <\/label><\/p>\n<p><input type=\"submit\" value=\"G\u00f6nder\" class=\"wpcf7-form-control wpcf7-submit\" \/><\/p>\n<div class=\"wpcf7-response-output wpcf7-display-none\"><\/div><\/form><\/div>[\/vc_column][vc_column width=&#8221;1\/3&#8243;]<div class=\"porto-carousel owl-carousel has-ccols ccols-1 \" data-appear-animation=\"fadeIn\" data-appear-animation-delay=\"400\" data-plugin-options=\"{&quot;stagePadding&quot;:0,&quot;margin&quot;:0,&quot;autoplay&quot;:false,&quot;autoplayTimeout&quot;:5000,&quot;autoplayHoverPause&quot;:false,&quot;items&quot;:1,&quot;lg&quot;:1,&quot;md&quot;:1,&quot;sm&quot;:1,&quot;xs&quot;:1,&quot;nav&quot;:false,&quot;dots&quot;:false,&quot;animateIn&quot;:&quot;&quot;,&quot;animateOut&quot;:&quot;&quot;,&quot;loop&quot;:false,&quot;center&quot;:false,&quot;video&quot;:false,&quot;lazyLoad&quot;:false,&quot;fullscreen&quot;:false}\">[vc_single_image image=&#8221;1777&#8243; img_size=&#8221;full&#8221;][vc_single_image image=&#8221;1776&#8243; img_size=&#8221;full&#8221;][vc_single_image image=&#8221;1775&#8243; img_size=&#8221;full&#8221;]<\/div>[vc_column_text]<strong>Gelin Birlikte \u00dcretelim<\/strong><\/p>\n<p>E\u011fer \u00f6zge\u00e7mi\u015finizi bize g\u00f6nderirseniz, insan kaynaklar\u0131 departman\u0131m\u0131z en k\u0131sa zamanda inceleyecek ve olas\u0131 bir pozisyon a\u00e7\u0131lmas\u0131 durumunda sizinle ileti\u015fime ge\u00e7ilecektir.[\/vc_column_text][\/vc_column][\/vc_row][vc_row el_class=&#8221;menumodalrow&#8221;][vc_column]<script>\n\t\t(function($){\n\t\t\t$(\"head\").append(\"<style>.mfp-bg.mfp-fade { background-color:rgba(19,41,75,0.85); }<\/style>\");\n\t\t})(jQuery);\n\t\t<\/script><div class=\"porto-modal-input-wrapper \"><script>\n\t(function($){\n\t\t$(document).ready(function(){\n\t\t\tvar selector = \".rightmenutrigger\";\n\t\t\t$(selector).addClass(\"porto-modal-trigger\");\n\t\t\t$(selector).attr(\"data-trigger-id\", \"porto-modal-69f70b735b3208-67455844\");\n\t\t\t$(selector).attr(\"data-type\", \"inline\");\n\t\t\t$(selector).attr(\"data-overlay-class\", \"mfp-fade\");\n\t\t});\n\t})(jQuery);\n\t<\/script><\/div><div id=\"porto-modal-69f70b735b3208-67455844\" class=\"mfp-hide \"><div class=\"porto-modal-content\">\n<div class=\"row\">\n<div class=\"col-md-6\">\n<div id=\"modalmenucontent\">\n<div id=\"modalcontactinfo\">\n<p>OF\u0130S<br \/>\nFethiye Cad. P\u0131r\u0131ldar \u0130\u015fhan\u0131 No: 43<br \/>\n\u0130zmit-KOCAEL\u0130<\/p>\n<p>Tel: 0262 321 41 58<br \/>\nTel: 0262 321 39 65<br \/>\nFax: 0262 324 16 22<\/p>\n<p>bilgi@ozgrubu.com<\/p>\n<\/div>\n<div id=\"modalmenusosyal\">\n<div class=\"share-links\"><a class=\"share-facebook\" title=\"Facebook\" href=\"#\" target=\"_blank\" rel=\"nofollow noopener noreferrer\">.<\/a><br \/>\n<a class=\"share-twitter\" title=\"heyecan\" href=\"#\" target=\"_blank\" rel=\"nofollow noopener noreferrer\">.<\/a><br \/>\n<a class=\"share-linkedin\" title=\"LinkedIn\" href=\"#\" target=\"_blank\" rel=\"nofollow noopener noreferrer\">.<\/a><\/div>\n<\/div>\n<\/div>\n<div class=\"designedby\">Design: Argepark Online<\/div>\n<\/div>\n<div class=\"col-md-6\">\n<div id=\"modalmenuler\">\n<p><a href=\"https:\/\/ozgrubu.com\/\">Ana Sayfa<\/a><\/p>\n<p><a href=\"https:\/\/ozgrubu.com\/index.php\/hakkimizda\/\">Hakk\u0131m\u0131zda<\/a><\/p>\n<p><a href=\"https:\/\/ozgrubu.com\/index.php\/faaliyetlerimiz\/\">Faaliyetlerimiz<\/a><\/p>\n<p><a href=\"https:\/\/ozgrubu.com\/index.php\/insan-kaynaklari\/\">\u0130nsan Kaynaklar\u0131<\/a><\/p>\n<p><a href=\"https:\/\/ozgrubu.com\/index.php\/iletisim\/\">\u0130leti\u015fim<\/a><\/p>\n<\/div>\n<\/div>\n<\/div>\n<p><\/div><\/div>[\/vc_column][\/vc_row]<\/p>\n","protected":false},"excerpt":{"rendered":"<p>[vc_row wrap_container=&#8221;yes&#8221; css=&#8221;.vc_custom_1543890012935{padding-top: 50px !important;}&#8221;][vc_column offset=&#8221;vc_col-md-8 vc_col-xs-12&#8243;][vc_custom_heading text=&#8221;\u0130nsan Kaynaklar\u0131&#8221; font_container=&#8221;tag:h2|font_size:28px|text_align:left&#8221; use_theme_fonts=&#8221;yes&#8221; css_animation=&#8221;fadeInUp&#8221; el_class=&#8221;mb-3&#8243;][vc_column_text css_animation=&#8221;slideInDown&#8221; el_class=&#8221;lead mb-4&#8243;]Firmam\u0131z, senelerdir s\u00fcren ba\u015far\u0131s\u0131n\u0131 g\u00f6stermi\u015f oldu\u011fu y\u00fcksek insan kayna\u011f\u0131na ve bu s\u00fcre\u00e7lere verdi\u011fi \u00f6neme bor\u00e7ludur.[\/vc_column_text][vc_column_text css_animation=&#8221;fadeInUp&#8221;]En iyi i\u015flerin, do\u011fru insan kayna\u011f\u0131n\u0131 do\u011fru i\u015fle bulu\u015fturmak sonucu \u00e7\u0131kt\u0131\u011f\u0131n\u0131 d\u00fc\u015f\u00fcnen bizler, bu alanda profesyonel bir yakla\u015f\u0131m izlemenin \u00f6nemli oldu\u011fu bilincindeyiz. Kar\u015f\u0131l\u0131kl\u0131 anlay\u0131\u015f d\u00fcsturu [&hellip;]<\/p>\n","protected":false},"author":1,"featured_media":0,"parent":0,"menu_order":0,"comment_status":"closed","ping_status":"closed","template":"","meta":[],"_links":{"self":[{"href":"https:\/\/ozgrubu.com\/index.php\/wp-json\/wp\/v2\/pages\/68"}],"collection":[{"href":"https:\/\/ozgrubu.com\/index.php\/wp-json\/wp\/v2\/pages"}],"about":[{"href":"https:\/\/ozgrubu.com\/index.php\/wp-json\/wp\/v2\/types\/page"}],"author":[{"embeddable":true,"href":"https:\/\/ozgrubu.com\/index.php\/wp-json\/wp\/v2\/users\/1"}],"replies":[{"embeddable":true,"href":"https:\/\/ozgrubu.com\/index.php\/wp-json\/wp\/v2\/comments?post=68"}],"version-history":[{"count":6,"href":"https:\/\/ozgrubu.com\/index.php\/wp-json\/wp\/v2\/pages\/68\/revisions"}],"predecessor-version":[{"id":2214,"href":"https:\/\/ozgrubu.com\/index.php\/wp-json\/wp\/v2\/pages\/68\/revisions\/2214"}],"wp:attachment":[{"href":"https:\/\/ozgrubu.com\/index.php\/wp-json\/wp\/v2\/media?parent=68"}],"curies":[{"name":"wp","href":"https:\/\/api.w.org\/{rel}","templated":true}]}}